{"id":9,"date":"2023-11-07T10:42:05","date_gmt":"2023-11-07T10:42:05","guid":{"rendered":"https:\/\/passaparola-moda.com\/?page_id=9"},"modified":"2026-04-11T14:08:25","modified_gmt":"2026-04-11T14:08:25","slug":"home","status":"publish","type":"page","link":"https:\/\/passaparola-moda.com\/home\/","title":{"rendered":"Home"},"content":{"rendered":"\t\t<div data-elementor-type=\"wp-page\" data-elementor-id=\"9\" class=\"elementor elementor-9\">\n\t\t\t\t<div class=\"elementor-element elementor-element-289ec2ba e-con-full e-flex e-con e-parent\" data-id=\"289ec2ba\" data-element_type=\"container\" data-e-type=\"container\">\n\t\t\t\t<div class=\"elementor-element elementor-element-2ca37555 elementor-widget elementor-widget-text-editor\" data-id=\"2ca37555\" data-element_type=\"widget\" data-e-type=\"widget\" data-widget_type=\"text-editor.default\">\n\t\t\t\t<div class=\"elementor-widget-container\">\n\t\t\t\t\t\t\t\t\t<p><span style=\"font-size: 14pt;\">\u00ab<\/span><span style=\"font-size: 14pt;\"><b>La Moda Passaparola\u00bb &#8211; unser Versprechen f\u00fcr Ihre Mode.<br \/><\/b><\/span><span style=\"font-size: 14pt;\">Unser Sinn f\u00fcr das Sch\u00f6ne, f\u00fcr besondere Marken prim\u00e4r von europ\u00e4ischen Unternehmen und f\u00fcr hochwertige Materialien pr\u00e4gen unser Sortiment.<\/span><\/p>\t\t\t\t\t\t\t\t<\/div>\n\t\t\t\t<\/div>\n\t\t\t\t<\/div>\n\t\t<div class=\"elementor-element elementor-element-b7a3b83 e-grid e-con-full e-con e-parent\" data-id=\"b7a3b83\" data-element_type=\"container\" data-e-type=\"container\">\n\t\t\t\t<div class=\"elementor-element elementor-element-392e080 elementor-widget elementor-widget-image\" data-id=\"392e080\" data-element_type=\"widget\" data-e-type=\"widget\" data-widget_type=\"image.default\">\n\t\t\t\t<div class=\"elementor-widget-container\">\n\t\t\t\t\t\t\t\t\t\t\t\t<figure class=\"wp-caption\">\n\t\t\t\t\t\t\t\t\t\t\t<a href=\"https:\/\/passaparola-moda.com\/home\/kleider\/\">\n\t\t\t\t\t\t\t<img decoding=\"async\" src=\"https:\/\/passaparola-moda.com\/wp-content\/uploads\/elementor\/thumbs\/Sommer-Kollektion-2026_10-rlup9635eie00l4ov76cw64gio6uqfsxk76kvd9i9w.jpg\" title=\"Sommer-Kollektion-2026_10\" alt=\"Sommer-Kollektion-2026_10\" loading=\"lazy\" \/>\t\t\t\t\t\t\t\t<\/a>\n\t\t\t\t\t\t\t\t\t\t\t<figcaption class=\"widget-image-caption wp-caption-text\">Mode, die deine Vielseitigkeit unterstreicht.<\/figcaption>\n\t\t\t\t\t\t\t\t\t\t<\/figure>\n\t\t\t\t\t\t\t\t\t<\/div>\n\t\t\t\t<\/div>\n\t\t\t\t<div class=\"elementor-element elementor-element-e6c2dda elementor-widget elementor-widget-image\" data-id=\"e6c2dda\" data-element_type=\"widget\" data-e-type=\"widget\" data-widget_type=\"image.default\">\n\t\t\t\t<div class=\"elementor-widget-container\">\n\t\t\t\t\t\t\t\t\t\t\t\t<figure class=\"wp-caption\">\n\t\t\t\t\t\t\t\t\t\t\t<a href=\"https:\/\/passaparola-moda.com\/home\/taschen\/\">\n\t\t\t\t\t\t\t<img decoding=\"async\" src=\"https:\/\/passaparola-moda.com\/wp-content\/uploads\/elementor\/thumbs\/Taschen-Sommer-Kollektion-2026_08-rlupctojzbe55ztjis24l8wzom68o2bcqaik23ue2s.jpg\" title=\"Taschen-Sommer-Kollektion-2026_08\" alt=\"Taschen-Sommer-Kollektion-2026_08\" loading=\"lazy\" \/>\t\t\t\t\t\t\t\t<\/a>\n\t\t\t\t\t\t\t\t\t\t\t<figcaption class=\"widget-image-caption wp-caption-text\">    Jede Gelegenheit, eine Tasche voller Stil.<\/figcaption>\n\t\t\t\t\t\t\t\t\t\t<\/figure>\n\t\t\t\t\t\t\t\t\t<\/div>\n\t\t\t\t<\/div>\n\t\t\t\t<div class=\"elementor-element elementor-element-aa85d9e elementor-widget elementor-widget-image\" data-id=\"aa85d9e\" data-element_type=\"widget\" data-e-type=\"widget\" data-widget_type=\"image.default\">\n\t\t\t\t<div class=\"elementor-widget-container\">\n\t\t\t\t\t\t\t\t\t\t\t\t<figure class=\"wp-caption\">\n\t\t\t\t\t\t\t\t\t\t\t<a href=\"https:\/\/passaparola-moda.com\/home\/gallery\/accessoires\/\">\n\t\t\t\t\t\t\t<img decoding=\"async\" src=\"https:\/\/passaparola-moda.com\/wp-content\/uploads\/elementor\/thumbs\/Slider-Sommer-2026_03-rlupgz4w5z2qfzsga2nt3p7a4vplnxsoau8rd3oslg.jpg\" title=\"Slider-Sommer-2026_03\" alt=\"Slider-Sommer-2026_03\" loading=\"lazy\" \/>\t\t\t\t\t\t\t\t<\/a>\n\t\t\t\t\t\t\t\t\t\t\t<figcaption class=\"widget-image-caption wp-caption-text\">F\u00fcr das gewisse Etwas in deinem Outfit.<\/figcaption>\n\t\t\t\t\t\t\t\t\t\t<\/figure>\n\t\t\t\t\t\t\t\t\t<\/div>\n\t\t\t\t<\/div>\n\t\t\t\t<\/div>\n\t\t<div class=\"elementor-element elementor-element-77e626f e-flex e-con-boxed e-con e-parent\" data-id=\"77e626f\" data-element_type=\"container\" data-e-type=\"container\">\n\t\t\t\t\t<div class=\"e-con-inner\">\n\t\t\t\t<div class=\"elementor-element elementor-element-c0ac454 elementor-widget elementor-widget-text-editor\" data-id=\"c0ac454\" data-element_type=\"widget\" data-e-type=\"widget\" data-widget_type=\"text-editor.default\">\n\t\t\t\t<div class=\"elementor-widget-container\">\n\t\t\t\t\t\t\t\t\t<p style=\"text-align: center;\"><span style=\"font-size: 14pt;\"><span style=\"color: #000000;\">\u201eKommen Sie vorbei, lassen Sie sich inspirieren und <br \/>teilen Sie Ihre Ideen mit uns: Gemeinsam erwecken wir Mode zum Leben. <br \/>Wir freuen uns auf Sie!\u201c<\/span><span style=\"color: #000000; font-family: var( --e-global-typography-text-font-family ), Sans-serif; font-weight: var( --e-global-typography-text-font-weight ); text-align: var(--text-align);\"><br \/>Judith Brunner<\/span><\/span><span style=\"text-align: right;\">\u00a0 \u00a0 \u00a0 \u00a0 \u00a0 \u00a0 <span style=\"font-size: 14pt; color: #0000ff;\">\u00a0<br \/><br \/><br \/><\/span><\/span><span style=\"font-size: 14pt; color: #0000ff;\"><a style=\"text-align: right; color: #0000ff;\" href=\"https:\/\/passaparola-moda.com\/home\/datenschutzerklaerung\/\">Datenschutzerkl\u00e4rung<\/a><\/span><\/p>\t\t\t\t\t\t\t\t<\/div>\n\t\t\t\t<\/div>\n\t\t\t\t\t<\/div>\n\t\t\t\t<\/div>\n\t\t<div class=\"elementor-element elementor-element-c58db27 e-flex e-con-boxed e-con e-parent\" data-id=\"c58db27\" data-element_type=\"container\" data-e-type=\"container\">\n\t\t\t\t\t<div class=\"e-con-inner\">\n\t\t\t\t\t<\/div>\n\t\t\t\t<\/div>\n\t\t\t\t<\/div>\n\t\t","protected":false},"excerpt":{"rendered":"<p>\u00abLa Moda Passaparola\u00bb &#8211; unser Versprechen f\u00fcr Ihre Mode.Unser Sinn f\u00fcr das Sch\u00f6ne, f\u00fcr besondere Marken prim\u00e4r von europ\u00e4ischen Unternehmen und f\u00fcr hochwertige Materialien pr\u00e4gen&hellip;<\/p>\n","protected":false},"author":1,"featured_media":0,"parent":0,"menu_order":0,"comment_status":"closed","ping_status":"closed","template":"","meta":{"footnotes":""},"class_list":["post-9","page","type-page","status-publish","hentry"],"_links":{"self":[{"href":"https:\/\/passaparola-moda.com\/home\/wp-json\/wp\/v2\/pages\/9","targetHints":{"allow":["GET"]}}],"collection":[{"href":"https:\/\/passaparola-moda.com\/home\/wp-json\/wp\/v2\/pages"}],"about":[{"href":"https:\/\/passaparola-moda.com\/home\/wp-json\/wp\/v2\/types\/page"}],"author":[{"embeddable":true,"href":"https:\/\/passaparola-moda.com\/home\/wp-json\/wp\/v2\/users\/1"}],"replies":[{"embeddable":true,"href":"https:\/\/passaparola-moda.com\/home\/wp-json\/wp\/v2\/comments?post=9"}],"version-history":[{"count":168,"href":"https:\/\/passaparola-moda.com\/home\/wp-json\/wp\/v2\/pages\/9\/revisions"}],"predecessor-version":[{"id":3992,"href":"https:\/\/passaparola-moda.com\/home\/wp-json\/wp\/v2\/pages\/9\/revisions\/3992"}],"wp:attachment":[{"href":"https:\/\/passaparola-moda.com\/home\/wp-json\/wp\/v2\/media?parent=9"}],"curies":[{"name":"wp","href":"https:\/\/api.w.org\/{rel}","templated":true}]}}