{"id":877,"date":"2020-09-15T12:37:18","date_gmt":"2020-09-15T12:37:18","guid":{"rendered":"http:\/\/bosboom59.synology.me\/wordpress\/?page_id=877"},"modified":"2025-12-20T14:22:17","modified_gmt":"2025-12-20T14:22:17","slug":"team","status":"publish","type":"page","link":"https:\/\/passaparola-moda.com\/home\/team\/","title":{"rendered":"Team"},"content":{"rendered":"\t\t<div data-elementor-type=\"wp-page\" data-elementor-id=\"877\" class=\"elementor elementor-877\">\n\t\t\t\t<div class=\"elementor-element elementor-element-153e527a e-flex e-con-boxed e-con e-parent\" data-id=\"153e527a\" data-element_type=\"container\" data-e-type=\"container\">\n\t\t\t\t\t<div class=\"e-con-inner\">\n\t\t\t\t<div class=\"elementor-element elementor-element-d5bc249 elementor-widget elementor-widget-text-editor\" data-id=\"d5bc249\" data-element_type=\"widget\" data-e-type=\"widget\" data-widget_type=\"text-editor.default\">\n\t\t\t\t<div class=\"elementor-widget-container\">\n\t\t\t\t\t\t\t\t\t<div><\/div><div><em><u><br \/>\u00dcbrigens<\/u><\/em>: \u00abPassaparola\u00bb heisst eigentlich \u00abMund-zu-Mund-Propaganda\u00bb: Und das ist genau unser Ziel. Wir m\u00f6chten Ihnen ein unvergessliches, pers\u00f6nliches Einkaufserlebnis bieten, denn bekanntlich erz\u00e4hlen zufriedene Kundinnen dies weiter und kommen mit ihren Freundinnen zu uns zur\u00fcck! Wir freuen uns auf Sie!<\/div><div>\u00a0<\/div>\t\t\t\t\t\t\t\t<\/div>\n\t\t\t\t<\/div>\n\t\t\t\t\t<\/div>\n\t\t\t\t<\/div>\n\t\t<div class=\"elementor-element elementor-element-0c284cf e-flex e-con-boxed e-con e-parent\" data-id=\"0c284cf\" data-element_type=\"container\" data-e-type=\"container\">\n\t\t\t\t\t<div class=\"e-con-inner\">\n\t\t\t\t<div class=\"elementor-element elementor-element-2d03afa elementor-widget elementor-widget-text-editor\" data-id=\"2d03afa\" data-element_type=\"widget\" data-e-type=\"widget\" data-widget_type=\"text-editor.default\">\n\t\t\t\t<div class=\"elementor-widget-container\">\n\t\t\t\t\t\t\t\t\t<style type=\"text\/css\" scoped>.rbs_gallery_69e1ebd97f651Spinner{\r\n\t\t\t\tmargin: 50px auto;\r\n\t\t\t\twidth: 50px;\r\n\t\t\t\theight: 40px;\r\n\t\t\t\ttext-align: center;\r\n\t\t\t\tfont-size: 10px;\r\n\t\t\t}\r\n\t\t\t.rbs_gallery_69e1ebd97f651Spinner > div{\r\n\t\t\t  background-color: #333;\r\n\t\t\t  height: 100%;\r\n\t\t\t  width: 6px;\r\n\t\t\t  display: inline-block;\r\n\t\t\t  -webkit-animation: rbs_gallery_69e1ebd97f651-stretchdelay 1.2s infinite ease-in-out;\r\n\t\t\t  animation: rbs_gallery_69e1ebd97f651-stretchdelay 1.2s infinite ease-in-out;\r\n\t\t\t}\r\n\t\t\t.rbs_gallery_69e1ebd97f651Spinner .rbs_gallery_69e1ebd97f651Rect2 {\r\n\t\t\t  -webkit-animation-delay: -1.1s;\r\n\t\t\t  animation-delay: -1.1s;\r\n\t\t\t}\r\n\t\t\t.rbs_gallery_69e1ebd97f651Spinner .rbs_gallery_69e1ebd97f651Rect3 {\r\n\t\t\t  -webkit-animation-delay: -1.0s;\r\n\t\t\t  animation-delay: -1.0s;\r\n\t\t\t}\r\n\t\t\t.rbs_gallery_69e1ebd97f651Spinner .rbs_gallery_69e1ebd97f651Rect4 {\r\n\t\t\t  -webkit-animation-delay: -0.9s;\r\n\t\t\t  animation-delay: -0.9s;\r\n\t\t\t}\r\n\t\t\t.rbs_gallery_69e1ebd97f651Spinner .rbs_gallery_69e1ebd97f651Rect5 {\r\n\t\t\t  -webkit-animation-delay: -0.8s;\r\n\t\t\t  animation-delay: -0.8s;\r\n\t\t\t}\r\n\t\t\t@-webkit-keyframes rbs_gallery_69e1ebd97f651-stretchdelay {\r\n\t\t\t  0%, 40%, 100% { -webkit-transform: scaleY(0.4) }  \r\n\t\t\t  20% { -webkit-transform: scaleY(1.0) }\r\n\t\t\t}\r\n\t\t\t@keyframes rbs_gallery_69e1ebd97f651-stretchdelay {\r\n\t\t\t  0%, 40%, 100% { \r\n\t\t\t    transform: scaleY(0.4);\r\n\t\t\t    -webkit-transform: scaleY(0.4);\r\n\t\t\t  }  20% { \r\n\t\t\t    transform: scaleY(1.0);\r\n\t\t\t    -webkit-transform: scaleY(1.0);\r\n\t\t\t  }\r\n\t\t\t}\r\n\t\t<\/style><div class=\"robo-gallery-wrap robo-gallery-wrap-id3820 robo-gallery-polaroid\" ><div id=\"rbs_gallery_69e1ebd97f651-block-loader\" class=\"rbs_gallery_69e1ebd97f651Spinner\"><div class=\"rbs_gallery_69e1ebd97f651Rect1\"><\/div> <div class=\"rbs_gallery_69e1ebd97f651Rect2\"><\/div> <div class=\"rbs_gallery_69e1ebd97f651Rect3\"><\/div> <div class=\"rbs_gallery_69e1ebd97f651Rect4\"><\/div> <div class=\"rbs_gallery_69e1ebd97f651Rect5\"><\/div><\/div><div id=\"robo_gallery_main_block_rbs_gallery_69e1ebd97f651\" class=\"robogallery-gallery-3820\" style=\"width:100%;margin:0 auto;padding-left:10px;padding-top:10px;padding-right:10px;padding-bottom:10px;  display: none;\"><div id=\"rbs_gallery_69e1ebd97f651\" data-options=\"rbs_gallery_69e1ebd97f651\" style=\"width:100%;\" class=\"robo_gallery  \"><div class=\"rbs-img  category3820 \" ><div class=\"rbs-img-image   rbs-lightbox \"  data-descbox=\"Judith, Inhaberin\" ><div class=\"rbs-img-thumbs\"  data-thumbnail=\"https:\/\/passaparola-moda.com\/wp-content\/uploads\/2025\/12\/Judith-Inhaberin.jpg\"  title=\"Judith, Inhaberin\"  data-width=\"200\"  data-height=\"275\" ><\/div><div class=\"rbs-img-data-popup\"  data-popup=\"https:\/\/passaparola-moda.com\/wp-content\/uploads\/2025\/12\/Judith-Inhaberin.jpg\"  title=\"Judith, Inhaberin\" ><\/div><div class=\"thumbnail-overlay\"><div class=\"rbsIcons\"><i class=\"fa fa-th rbsZoomIcon \" ><\/i><\/div><div class=\"rbsDesc \"><\/div><\/div><\/div><div class=\"rbs-img-content\">Judith, Inhaberin<\/div><\/div><div class=\"rbs-img  category3820 \" ><div class=\"rbs-img-image   rbs-lightbox \"  data-descbox=\"Romy, Verkauf\" ><div class=\"rbs-img-thumbs\"  data-thumbnail=\"https:\/\/passaparola-moda.com\/wp-content\/uploads\/2025\/12\/Romy-Verkauf.jpg\"  title=\"Romy, Verkauf\"  data-width=\"200\"  data-height=\"275\" ><\/div><div class=\"rbs-img-data-popup\"  data-popup=\"https:\/\/passaparola-moda.com\/wp-content\/uploads\/2025\/12\/Romy-Verkauf.jpg\"  title=\"Romy, Verkauf\" ><\/div><div class=\"thumbnail-overlay\"><div class=\"rbsIcons\"><i class=\"fa fa-th rbsZoomIcon \" ><\/i><\/div><div class=\"rbsDesc \"><\/div><\/div><\/div><div class=\"rbs-img-content\">Romy, Verkauf<\/div><\/div><div class=\"rbs-img  category3820 \" ><div class=\"rbs-img-image   rbs-lightbox \"  data-descbox=\"Sabrina, Verkauf\" ><div class=\"rbs-img-thumbs\"  data-thumbnail=\"https:\/\/passaparola-moda.com\/wp-content\/uploads\/2025\/12\/Sandra-Verkauf.jpg\"  title=\"Sabrina, Verkauf\"  data-width=\"200\"  data-height=\"275\" ><\/div><div class=\"rbs-img-data-popup\"  data-popup=\"https:\/\/passaparola-moda.com\/wp-content\/uploads\/2025\/12\/Sandra-Verkauf.jpg\"  title=\"Sabrina, Verkauf\" ><\/div><div class=\"thumbnail-overlay\"><div class=\"rbsIcons\"><i class=\"fa fa-th rbsZoomIcon \" ><\/i><\/div><div class=\"rbsDesc \"><\/div><\/div><\/div><div class=\"rbs-img-content\">Sabrina, Verkauf<\/div><\/div><div class=\"rbs-img  category3820 \" ><div class=\"rbs-img-image   rbs-lightbox \"  data-descbox=\"Terry, Backoffice\" ><div class=\"rbs-img-thumbs\"  data-thumbnail=\"https:\/\/passaparola-moda.com\/wp-content\/uploads\/2025\/12\/Terry-Backoffice.jpg\"  title=\"Terry, Backoffice\"  data-width=\"200\"  data-height=\"275\" ><\/div><div class=\"rbs-img-data-popup\"  data-popup=\"https:\/\/passaparola-moda.com\/wp-content\/uploads\/2025\/12\/Terry-Backoffice.jpg\"  title=\"Terry, Backoffice\" ><\/div><div class=\"thumbnail-overlay\"><div class=\"rbsIcons\"><i class=\"fa fa-th rbsZoomIcon \" ><\/i><\/div><div class=\"rbsDesc \"><\/div><\/div><\/div><div class=\"rbs-img-content\">Terry, Backoffice<\/div><\/div><\/div><\/div><\/div><script>var rbs_gallery_69e1ebd97f651 = {\"version\":\"5.1.4\",\"id\":3820,\"class\":\"id3820\",\"roboGalleryDelay\":1000,\"mainContainer\":\"#robo_gallery_main_block_rbs_gallery_69e1ebd97f651\",\"loadingContainer\":\"#rbs_gallery_69e1ebd97f651-block-loader\",\"loadingContainerObj\":\"rbs_gallery_69e1ebd97f651-block-loader\",\"columnWidth\":\"auto\",\"columns\":4,\"resolutions\":[{\"columnWidth\":\"auto\",\"columns\":4,\"maxWidth\":960},{\"columnWidth\":\"auto\",\"columns\":2,\"maxWidth\":650},{\"columnWidth\":\"auto\",\"columns\":1,\"maxWidth\":450}],\"descBox\":true,\"descBoxClass\":\"rbs_desc_panel_light\",\"lightboxOptions\":{\"gallery\":{\"enabled\":true,\"tCounter\":\"%curr% of %total%\"}},\"borderSize\":5,\"overlayEffect\":\"direction-aware-fade\",\"boxesToLoadStart\":12,\"boxesToLoad\":8,\"waitUntilThumbLoads\":1,\"LoadingWord\":\"Loading...\",\"loadMoreWord\":\"Load More\",\"noMoreEntriesWord\":\"No More Entries\",\"horizontalSpaceBetweenBoxes\":15,\"verticalSpaceBetweenBoxes\":15,\"lazyLoad\":1,\"wrapContainer\":\"#robo-gallery-wrap-rbs_gallery_69e1ebd97f651\"};<\/script>\t\t\t\t\t\t\t\t<\/div>\n\t\t\t\t<\/div>\n\t\t\t\t\t<\/div>\n\t\t\t\t<\/div>\n\t\t\t\t<\/div>\n\t\t","protected":false},"excerpt":{"rendered":"<p>\u00dcbrigens: \u00abPassaparola\u00bb heisst eigentlich \u00abMund-zu-Mund-Propaganda\u00bb: Und das ist genau unser Ziel. Wir m\u00f6chten Ihnen ein unvergessliches, pers\u00f6nliches Einkaufserlebnis bieten, denn bekanntlich erz\u00e4hlen zufriedene Kundinnen dies&hellip;<\/p>\n","protected":false},"author":1,"featured_media":0,"parent":0,"menu_order":0,"comment_status":"closed","ping_status":"closed","template":"","meta":{"footnotes":""},"class_list":["post-877","page","type-page","status-publish","hentry"],"_links":{"self":[{"href":"https:\/\/passaparola-moda.com\/home\/wp-json\/wp\/v2\/pages\/877","targetHints":{"allow":["GET"]}}],"collection":[{"href":"https:\/\/passaparola-moda.com\/home\/wp-json\/wp\/v2\/pages"}],"about":[{"href":"https:\/\/passaparola-moda.com\/home\/wp-json\/wp\/v2\/types\/page"}],"author":[{"embeddable":true,"href":"https:\/\/passaparola-moda.com\/home\/wp-json\/wp\/v2\/users\/1"}],"replies":[{"embeddable":true,"href":"https:\/\/passaparola-moda.com\/home\/wp-json\/wp\/v2\/comments?post=877"}],"version-history":[{"count":29,"href":"https:\/\/passaparola-moda.com\/home\/wp-json\/wp\/v2\/pages\/877\/revisions"}],"predecessor-version":[{"id":3831,"href":"https:\/\/passaparola-moda.com\/home\/wp-json\/wp\/v2\/pages\/877\/revisions\/3831"}],"wp:attachment":[{"href":"https:\/\/passaparola-moda.com\/home\/wp-json\/wp\/v2\/media?parent=877"}],"curies":[{"name":"wp","href":"https:\/\/api.w.org\/{rel}","templated":true}]}}