{"id":875,"date":"2020-09-15T12:36:39","date_gmt":"2020-09-15T12:36:39","guid":{"rendered":"http:\/\/bosboom59.synology.me\/wordpress\/?page_id=875"},"modified":"2024-09-25T10:46:27","modified_gmt":"2024-09-25T10:46:27","slug":"personal-shopping","status":"publish","type":"page","link":"https:\/\/passaparola-moda.com\/home\/personal-shopping\/","title":{"rendered":"Personal Shopping"},"content":{"rendered":"<div><\/div>\n<div><span style=\"color: #ffffff;\">.<\/span><\/div>\n<div>Daf\u00fcr ist die Zeit genau richtig: Um unter Freundinnen, in trauter Zweisamkeit oder allein die wundervollen Kleider zu begutachten, zu probieren und dabei noch einen Genussmoment zu verbringen. Das Personal Shopping verspricht ein exklusives Einkaufserlebnis ausserhalb der regul\u00e4ren \u00d6ffnungszeit. F\u00fcr 1-2 Personen, Termin auf Vereinbarung.<\/div>\n<p>Zur Wahl stehen drei Modelle:<\/p>\n<p>\u00abShopping pur &amp; pers\u00f6nlich\u00bb: CHF 25.- pro Person, Dauer 1 Stunde. Inklusive Stil-Beratung, pers\u00f6nliche Tipps f\u00fcr das Styling, privates Ambiente, 1 Glas Prosecco oder Soft Drink.<\/p>\n<p>\u00abShopping Italian Style\u00bb: CHF 45.- pro Person, Dauer 2 Stunden. Inklusive Stil-Beratung, pers\u00f6nliche Tipps f\u00fcr das Styling, privates Ambiente, 1 Glas Prosecco und eine Variation italienischer H\u00e4ppchen.<\/p>\n<p>Bei einem Einkauf ab CHF 350.- im Rahmen des Personal Shopping entfallen die Ap\u00e9ro-Kosten .<\/p>\n<p><em><u>Achtung<\/u><\/em>: Auch als Gutschein das perfekte Geschenk!<\/p>\n","protected":false},"excerpt":{"rendered":"<p>. Daf\u00fcr ist die Zeit genau richtig: Um unter Freundinnen, in trauter Zweisamkeit oder allein die wundervollen Kleider zu begutachten, zu probieren und dabei noch&hellip;<\/p>\n","protected":false},"author":1,"featured_media":0,"parent":0,"menu_order":0,"comment_status":"closed","ping_status":"closed","template":"","meta":{"footnotes":""},"class_list":["post-875","page","type-page","status-publish","hentry"],"_links":{"self":[{"href":"https:\/\/passaparola-moda.com\/home\/wp-json\/wp\/v2\/pages\/875","targetHints":{"allow":["GET"]}}],"collection":[{"href":"https:\/\/passaparola-moda.com\/home\/wp-json\/wp\/v2\/pages"}],"about":[{"href":"https:\/\/passaparola-moda.com\/home\/wp-json\/wp\/v2\/types\/page"}],"author":[{"embeddable":true,"href":"https:\/\/passaparola-moda.com\/home\/wp-json\/wp\/v2\/users\/1"}],"replies":[{"embeddable":true,"href":"https:\/\/passaparola-moda.com\/home\/wp-json\/wp\/v2\/comments?post=875"}],"version-history":[{"count":5,"href":"https:\/\/passaparola-moda.com\/home\/wp-json\/wp\/v2\/pages\/875\/revisions"}],"predecessor-version":[{"id":3133,"href":"https:\/\/passaparola-moda.com\/home\/wp-json\/wp\/v2\/pages\/875\/revisions\/3133"}],"wp:attachment":[{"href":"https:\/\/passaparola-moda.com\/home\/wp-json\/wp\/v2\/media?parent=875"}],"curies":[{"name":"wp","href":"https:\/\/api.w.org\/{rel}","templated":true}]}}