{"id":871,"date":"2020-09-15T12:35:36","date_gmt":"2020-09-15T12:35:36","guid":{"rendered":"http:\/\/bosboom59.synology.me\/wordpress\/?page_id=871"},"modified":"2024-09-25T10:45:50","modified_gmt":"2024-09-25T10:45:50","slug":"accessoires","status":"publish","type":"page","link":"https:\/\/passaparola-moda.com\/home\/accessoires\/","title":{"rendered":"Accessoires"},"content":{"rendered":"<div><\/div>\n<p>&nbsp;<\/p>\n<p>Setzen Sie Ihrem Look das Kr\u00f6nchen auf! Die Auswahl unserer Accessoires wird Sie \u00fcberzeugen. Vom feinen, glitzernden Armband bis hin zu kr\u00e4ftig bunten Foulards oder w\u00e4rmenden M\u00fctzen finden Sie charaktervolle Extras, welche eine besondere Freude bereiten.<\/p>\n<p><em><u>Ausserdem<\/u><\/em>: Das Sortiment an Accessoires ist saisonal abgestimmt und verspricht daher immer wieder kleine und grosse \u00dcberraschungen.<\/p>\n<pre><\/pre>\n","protected":false},"excerpt":{"rendered":"<p>&nbsp; Setzen Sie Ihrem Look das Kr\u00f6nchen auf! Die Auswahl unserer Accessoires wird Sie \u00fcberzeugen. Vom feinen, glitzernden Armband bis hin zu kr\u00e4ftig bunten Foulards&hellip;<\/p>\n","protected":false},"author":1,"featured_media":0,"parent":0,"menu_order":0,"comment_status":"closed","ping_status":"closed","template":"","meta":{"footnotes":""},"class_list":["post-871","page","type-page","status-publish","hentry"],"_links":{"self":[{"href":"https:\/\/passaparola-moda.com\/home\/wp-json\/wp\/v2\/pages\/871","targetHints":{"allow":["GET"]}}],"collection":[{"href":"https:\/\/passaparola-moda.com\/home\/wp-json\/wp\/v2\/pages"}],"about":[{"href":"https:\/\/passaparola-moda.com\/home\/wp-json\/wp\/v2\/types\/page"}],"author":[{"embeddable":true,"href":"https:\/\/passaparola-moda.com\/home\/wp-json\/wp\/v2\/users\/1"}],"replies":[{"embeddable":true,"href":"https:\/\/passaparola-moda.com\/home\/wp-json\/wp\/v2\/comments?post=871"}],"version-history":[{"count":2,"href":"https:\/\/passaparola-moda.com\/home\/wp-json\/wp\/v2\/pages\/871\/revisions"}],"predecessor-version":[{"id":3131,"href":"https:\/\/passaparola-moda.com\/home\/wp-json\/wp\/v2\/pages\/871\/revisions\/3131"}],"wp:attachment":[{"href":"https:\/\/passaparola-moda.com\/home\/wp-json\/wp\/v2\/media?parent=871"}],"curies":[{"name":"wp","href":"https:\/\/api.w.org\/{rel}","templated":true}]}}